{"id":25,"date":"2026-05-03T11:12:47","date_gmt":"2026-05-03T11:12:47","guid":{"rendered":"https:\/\/psychology.help\/?page_id=25"},"modified":"2026-05-03T11:15:07","modified_gmt":"2026-05-03T11:15:07","slug":"elementor-25","status":"publish","type":"page","link":"https:\/\/psychology.help\/?page_id=25","title":{"rendered":"Elementor #25"},"content":{"rendered":"\t\t<div data-elementor-type=\"wp-post\" data-elementor-id=\"25\" class=\"elementor elementor-25\">\n\t\t\t\t\t\t<div class=\"elementor-element elementor-element-056c0a5 e-con e-atomic-element e-div-block-base\" data-id=\"056c0a5\" data-element_type=\"e-div-block\" data-e-type=\"e-div-block\" data-interaction-id=\"056c0a5\">\n\t\t\t\t<\/div>\n\t\t<div class=\"elementor-element elementor-element-1e1a3a6 e-flex e-con-boxed e-con e-parent\" data-id=\"1e1a3a6\" data-element_type=\"container\" data-e-type=\"container\">\n\t\t\t\t\t<div class=\"e-con-inner\">\n\t\t\t\t<div class=\"elementor-element elementor-element-efb9926 elementor-widget elementor-widget-google_maps\" data-id=\"efb9926\" data-element_type=\"widget\" data-e-type=\"widget\" data-widget_type=\"google_maps.default\">\n\t\t\t\t\t\t\t<div class=\"elementor-custom-embed\">\n\t\t\t<iframe loading=\"lazy\"\n\t\t\t\t\tsrc=\"https:\/\/maps.google.com\/maps?q=Dj%C3%A4knebergsgatan%205A&#038;t=m&#038;z=14&#038;output=embed&#038;iwloc=near\"\n\t\t\t\t\ttitle=\"Dj\u00e4knebergsgatan 5A\"\n\t\t\t\t\taria-label=\"Dj\u00e4knebergsgatan 5A\"\n\t\t\t><\/iframe>\n\t\t<\/div>\n\t\t\t\t\t\t<\/div>\n\t\t\t\t\t<\/div>\n\t\t\t\t<\/div>\n\t\t\t\t<\/div>\n\t\t","protected":false},"excerpt":{"rendered":"","protected":false},"author":1,"featured_media":0,"parent":0,"menu_order":0,"comment_status":"closed","ping_status":"closed","template":"","meta":{"footnotes":""},"class_list":["post-25","page","type-page","status-publish","hentry"],"yoast_head":"<!-- This site is optimized with the Yoast SEO plugin v27.5 - https:\/\/yoast.com\/product\/yoast-seo-wordpress\/ -->\n<title>Elementor #25 - Psykolog i V\u00e4ster\u00e5s Psychologist in V\u00e4ster\u00e5s<\/title>\n<meta name=\"robots\" content=\"index, follow, max-snippet:-1, max-image-preview:large, max-video-preview:-1\" \/>\n<link rel=\"canonical\" href=\"https:\/\/psychology.help\/?page_id=25\" \/>\n<meta property=\"og:locale\" content=\"en_US\" \/>\n<meta property=\"og:type\" content=\"article\" \/>\n<meta property=\"og:title\" content=\"Elementor #25 - Psykolog i V\u00e4ster\u00e5s Psychologist in V\u00e4ster\u00e5s\" \/>\n<meta property=\"og:url\" content=\"https:\/\/psychology.help\/?page_id=25\" \/>\n<meta property=\"og:site_name\" content=\"Psykolog i V\u00e4ster\u00e5s Psychologist in V\u00e4ster\u00e5s\" \/>\n<meta property=\"article:modified_time\" content=\"2026-05-03T11:15:07+00:00\" \/>\n<meta name=\"twitter:card\" content=\"summary_large_image\" \/>\n<script type=\"application\/ld+json\" class=\"yoast-schema-graph\">{\"@context\":\"https:\\\/\\\/schema.org\",\"@graph\":[{\"@type\":\"WebPage\",\"@id\":\"https:\\\/\\\/psychology.help\\\/?page_id=25\",\"url\":\"https:\\\/\\\/psychology.help\\\/?page_id=25\",\"name\":\"Elementor #25 - Psykolog i V\u00e4ster\u00e5s Psychologist in V\u00e4ster\u00e5s\",\"isPartOf\":{\"@id\":\"http:\\\/\\\/psychology.help\\\/#website\"},\"datePublished\":\"2026-05-03T11:12:47+00:00\",\"dateModified\":\"2026-05-03T11:15:07+00:00\",\"breadcrumb\":{\"@id\":\"https:\\\/\\\/psychology.help\\\/?page_id=25#breadcrumb\"},\"inLanguage\":\"en-US\",\"potentialAction\":[{\"@type\":\"ReadAction\",\"target\":[\"https:\\\/\\\/psychology.help\\\/?page_id=25\"]}]},{\"@type\":\"BreadcrumbList\",\"@id\":\"https:\\\/\\\/psychology.help\\\/?page_id=25#breadcrumb\",\"itemListElement\":[{\"@type\":\"ListItem\",\"position\":1,\"name\":\"Home\",\"item\":\"http:\\\/\\\/psychology.help\\\/\"},{\"@type\":\"ListItem\",\"position\":2,\"name\":\"Elementor #25\"}]},{\"@type\":\"WebSite\",\"@id\":\"http:\\\/\\\/psychology.help\\\/#website\",\"url\":\"http:\\\/\\\/psychology.help\\\/\",\"name\":\"Psykolog i V\u00e4ster\u00e5s Psychologist in V\u00e4ster\u00e5s\",\"description\":\"\",\"potentialAction\":[{\"@type\":\"SearchAction\",\"target\":{\"@type\":\"EntryPoint\",\"urlTemplate\":\"http:\\\/\\\/psychology.help\\\/?s={search_term_string}\"},\"query-input\":{\"@type\":\"PropertyValueSpecification\",\"valueRequired\":true,\"valueName\":\"search_term_string\"}}],\"inLanguage\":\"en-US\"}]}<\/script>\n<!-- \/ Yoast SEO plugin. -->","yoast_head_json":{"title":"Elementor #25 - Psykolog i V\u00e4ster\u00e5s Psychologist in V\u00e4ster\u00e5s","robots":{"index":"index","follow":"follow","max-snippet":"max-snippet:-1","max-image-preview":"max-image-preview:large","max-video-preview":"max-video-preview:-1"},"canonical":"https:\/\/psychology.help\/?page_id=25","og_locale":"en_US","og_type":"article","og_title":"Elementor #25 - Psykolog i V\u00e4ster\u00e5s Psychologist in V\u00e4ster\u00e5s","og_url":"https:\/\/psychology.help\/?page_id=25","og_site_name":"Psykolog i V\u00e4ster\u00e5s Psychologist in V\u00e4ster\u00e5s","article_modified_time":"2026-05-03T11:15:07+00:00","twitter_card":"summary_large_image","schema":{"@context":"https:\/\/schema.org","@graph":[{"@type":"WebPage","@id":"https:\/\/psychology.help\/?page_id=25","url":"https:\/\/psychology.help\/?page_id=25","name":"Elementor #25 - Psykolog i V\u00e4ster\u00e5s Psychologist in V\u00e4ster\u00e5s","isPartOf":{"@id":"http:\/\/psychology.help\/#website"},"datePublished":"2026-05-03T11:12:47+00:00","dateModified":"2026-05-03T11:15:07+00:00","breadcrumb":{"@id":"https:\/\/psychology.help\/?page_id=25#breadcrumb"},"inLanguage":"en-US","potentialAction":[{"@type":"ReadAction","target":["https:\/\/psychology.help\/?page_id=25"]}]},{"@type":"BreadcrumbList","@id":"https:\/\/psychology.help\/?page_id=25#breadcrumb","itemListElement":[{"@type":"ListItem","position":1,"name":"Home","item":"http:\/\/psychology.help\/"},{"@type":"ListItem","position":2,"name":"Elementor #25"}]},{"@type":"WebSite","@id":"http:\/\/psychology.help\/#website","url":"http:\/\/psychology.help\/","name":"Psykolog i V\u00e4ster\u00e5s Psychologist in V\u00e4ster\u00e5s","description":"","potentialAction":[{"@type":"SearchAction","target":{"@type":"EntryPoint","urlTemplate":"http:\/\/psychology.help\/?s={search_term_string}"},"query-input":{"@type":"PropertyValueSpecification","valueRequired":true,"valueName":"search_term_string"}}],"inLanguage":"en-US"}]}},"brizy_media":[],"_links":{"self":[{"href":"https:\/\/psychology.help\/index.php?rest_route=\/wp\/v2\/pages\/25","targetHints":{"allow":["GET"]}}],"collection":[{"href":"https:\/\/psychology.help\/index.php?rest_route=\/wp\/v2\/pages"}],"about":[{"href":"https:\/\/psychology.help\/index.php?rest_route=\/wp\/v2\/types\/page"}],"author":[{"embeddable":true,"href":"https:\/\/psychology.help\/index.php?rest_route=\/wp\/v2\/users\/1"}],"replies":[{"embeddable":true,"href":"https:\/\/psychology.help\/index.php?rest_route=%2Fwp%2Fv2%2Fcomments&post=25"}],"version-history":[{"count":4,"href":"https:\/\/psychology.help\/index.php?rest_route=\/wp\/v2\/pages\/25\/revisions"}],"predecessor-version":[{"id":29,"href":"https:\/\/psychology.help\/index.php?rest_route=\/wp\/v2\/pages\/25\/revisions\/29"}],"wp:attachment":[{"href":"https:\/\/psychology.help\/index.php?rest_route=%2Fwp%2Fv2%2Fmedia&parent=25"}],"curies":[{"name":"wp","href":"https:\/\/api.w.org\/{rel}","templated":true}]}}